{"id":17051,"date":"2021-03-04T10:37:53","date_gmt":"2021-03-04T09:37:53","guid":{"rendered":"https:\/\/groupe-hotelo.com\/?page_id=17051"},"modified":"2025-10-01T12:13:51","modified_gmt":"2025-10-01T10:13:51","slug":"petit-dejeuner-hotelo-lyon-charite","status":"publish","type":"page","link":"https:\/\/groupe-hotelo.com\/en\/petit-dejeuner-hotelo-lyon-charite\/","title":{"rendered":"Petit-d\u00e9jeuner &#8211; Charit\u00e9"},"content":{"rendered":"<div data-elementor-type=\"wp-page\" data-elementor-id=\"17051\" class=\"elementor elementor-17051\" data-elementor-post-type=\"page\">\n\t\t\t\t<div class=\"elementor-element elementor-element-d933712 e-con-full e-flex e-con e-parent\" data-id=\"d933712\" data-element_type=\"container\" data-e-type=\"container\" data-settings=\"{&quot;background_background&quot;:&quot;classic&quot;}\">\n\t\t\t\t<div class=\"elementor-element elementor-element-e59a8b6 elementor-widget elementor-widget-heading\" data-id=\"e59a8b6\" data-element_type=\"widget\" data-e-type=\"widget\" data-widget_type=\"heading.default\">\n\t\t\t\t\t<h1 class=\"elementor-heading-title elementor-size-xxl\">BREAKFAST<\/h1>\t\t\t\t<\/div>\n\t\t\t\t<\/div>\n\t\t<div class=\"elementor-element elementor-element-8a98b10 e-flex e-con-boxed e-con e-parent\" data-id=\"8a98b10\" data-element_type=\"container\" data-e-type=\"container\">\n\t\t\t\t\t<div class=\"e-con-inner\">\n\t\t<div class=\"elementor-element elementor-element-2ad6f99 e-con-full e-flex e-con e-child\" data-id=\"2ad6f99\" data-element_type=\"container\" data-e-type=\"container\">\n\t\t\t\t<div class=\"elementor-element elementor-element-9062e86 elementor-widget elementor-widget-heading\" data-id=\"9062e86\" data-element_type=\"widget\" data-e-type=\"widget\" data-widget_type=\"heading.default\">\n\t\t\t\t\t<h2 class=\"elementor-heading-title elementor-size-default\">Wake Up Happy: Breakfast at Hotelo, Where Smiles Are Served First!<\/h2>\t\t\t\t<\/div>\n\t\t\t\t<div class=\"elementor-element elementor-element-95ed3d2 elementor-widget elementor-widget-text-editor\" data-id=\"95ed3d2\" data-element_type=\"widget\" data-e-type=\"widget\" data-widget_type=\"text-editor.default\">\n\t\t\t\t\t\t\t\t\t<p>Because every day deserves to start with a smile, we invite you to enjoy our cheerful and delicious breakfast:<\/p><p>Served from 6:30 am to 10:30 am on weekdays and until 11:00 am on weekends and public holidays.<\/p><p>Dive into a joyful and tasty morning experience with our buffet menu:<\/p>\t\t\t\t\t\t\t\t<\/div>\n\t\t\t\t<div class=\"elementor-element elementor-element-9e67f02 elementor-widget elementor-widget-text-editor\" data-id=\"9e67f02\" data-element_type=\"widget\" data-e-type=\"widget\" data-widget_type=\"text-editor.default\">\n\t\t\t\t\t\t\t\t\t<p><strong>A lively selection to mix pleasure and energy:<\/strong><\/p><p>A basket filled with assorted breads, praline brioches, and gluten-free options available upon request<\/p><p>Croissant &amp; pain au chocolat with that irresistible smell of fresh baking<\/p><p>Creamy scrambled eggs and crispy bacon<\/p><p>A cereal and dried fruit bar for crunchy lovers<\/p><p>Creamy yogurts and fruit compotes<\/p><p>A selection of \"Bonne Maman\" jams<\/p><p>A fine variety of tasty local cheeses, accompanied by cold cuts<\/p><p>And of course, fresh fruits to start your day on a light and zesty note<\/p><p>\u00a0<\/p><p><strong><span style=\"font-size: 11.0pt;\">Every little detail matters to us<\/span><\/strong><\/p><p><span style=\"font-size: 11.0pt;\">For those in a rush or globe-trotting adventurers, take-away breakfasts and express options are available upon request at reception.<\/span><\/p><p><span style=\"font-size: 11.0pt;\">\u00a0<\/span><\/p><p><strong><span style=\"font-size: 11.0pt;\">Hotelo is more than a hotel \u2014 it's your cheerful bottle-opener to kick off the day in a great mood!<\/span><\/strong><\/p>\t\t\t\t\t\t\t\t<\/div>\n\t\t\t\t<\/div>\n\t\t\t\t\t<\/div>\n\t\t\t\t<\/div>\n\t\t<div class=\"elementor-element elementor-element-86b0d47 e-flex e-con-boxed e-con e-parent\" data-id=\"86b0d47\" data-element_type=\"container\" data-e-type=\"container\">\n\t\t\t\t\t<div class=\"e-con-inner\">\n\t\t<div class=\"elementor-element elementor-element-53fbfbe e-con-full e-flex e-con e-child\" data-id=\"53fbfbe\" data-element_type=\"container\" data-e-type=\"container\">\n\t\t\t\t<div class=\"elementor-element elementor-element-753bb74 elementor-widget elementor-widget-gallery\" data-id=\"753bb74\" data-element_type=\"widget\" data-e-type=\"widget\" data-settings=\"{&quot;columns&quot;:3,&quot;lazyload&quot;:&quot;yes&quot;,&quot;gallery_layout&quot;:&quot;grid&quot;,&quot;columns_tablet&quot;:2,&quot;columns_mobile&quot;:1,&quot;gap&quot;:{&quot;unit&quot;:&quot;px&quot;,&quot;size&quot;:10,&quot;sizes&quot;:[]},&quot;gap_tablet&quot;:{&quot;unit&quot;:&quot;px&quot;,&quot;size&quot;:10,&quot;sizes&quot;:[]},&quot;gap_mobile&quot;:{&quot;unit&quot;:&quot;px&quot;,&quot;size&quot;:10,&quot;sizes&quot;:[]},&quot;link_to&quot;:&quot;file&quot;,&quot;aspect_ratio&quot;:&quot;3:2&quot;,&quot;overlay_background&quot;:&quot;yes&quot;,&quot;content_hover_animation&quot;:&quot;fade-in&quot;}\" data-widget_type=\"gallery.default\">\n\t\t\t\t\t\t\t<div class=\"elementor-gallery__container\">\n\t\t\t\t\t\t\t<a class=\"e-gallery-item elementor-gallery-item elementor-animated-content\" href=\"https:\/\/groupe-hotelo.com\/wp-content\/uploads\/2025\/01\/petit-dejeuner-healthy-dhotelo-charite.jpg\" data-elementor-open-lightbox=\"yes\" data-elementor-lightbox-slideshow=\"753bb74\" data-elementor-lightbox-title=\"Petit d\u00e9jeuner healthy d&#039;hotelo charit\u00e9\" data-e-action-hash=\"#elementor-action%3Aaction%3Dlightbox%26settings%3DeyJpZCI6MTEwMjQ0MCwidXJsIjoiaHR0cHM6XC9cL2dyb3VwZS1ob3RlbG8uY29tXC93cC1jb250ZW50XC91cGxvYWRzXC8yMDI1XC8wMVwvcGV0aXQtZGVqZXVuZXItaGVhbHRoeS1kaG90ZWxvLWNoYXJpdGUuanBnIiwic2xpZGVzaG93IjoiNzUzYmI3NCJ9\">\n\t\t\t\t\t<div class=\"e-gallery-image elementor-gallery-item__image\" data-thumbnail=\"https:\/\/groupe-hotelo.com\/wp-content\/uploads\/2025\/01\/petit-dejeuner-healthy-dhotelo-charite-225x300.jpg\" data-width=\"225\" data-height=\"300\" aria-label=\"Petit d\u00e9jeuner vitamin\u00e9 chez Hotelo Charit\u00e9\" role=\"img\" ><\/div>\n\t\t\t\t\t\t\t\t\t\t\t<div class=\"elementor-gallery-item__overlay\"><\/div>\n\t\t\t\t\t\t\t\t\t\t\t\t\t\t<\/a>\n\t\t\t\t\t\t\t<a class=\"e-gallery-item elementor-gallery-item elementor-animated-content\" href=\"https:\/\/groupe-hotelo.com\/wp-content\/uploads\/2021\/04\/IMG_9497-scaled.jpg\" data-elementor-open-lightbox=\"yes\" data-elementor-lightbox-slideshow=\"753bb74\" data-elementor-lightbox-title=\"IMG_9497\" data-e-action-hash=\"#elementor-action%3Aaction%3Dlightbox%26settings%3DeyJpZCI6MzQwNTksInVybCI6Imh0dHBzOlwvXC9ncm91cGUtaG90ZWxvLmNvbVwvd3AtY29udGVudFwvdXBsb2Fkc1wvMjAyMVwvMDRcL0lNR185NDk3LXNjYWxlZC5qcGciLCJzbGlkZXNob3ciOiI3NTNiYjc0In0%3D\">\n\t\t\t\t\t<div class=\"e-gallery-image elementor-gallery-item__image\" data-thumbnail=\"https:\/\/groupe-hotelo.com\/wp-content\/uploads\/2021\/04\/IMG_9497-300x200.jpg\" data-width=\"300\" data-height=\"200\" aria-label=\"\" role=\"img\" ><\/div>\n\t\t\t\t\t\t\t\t\t\t\t<div class=\"elementor-gallery-item__overlay\"><\/div>\n\t\t\t\t\t\t\t\t\t\t\t\t\t\t<\/a>\n\t\t\t\t\t\t\t<a class=\"e-gallery-item elementor-gallery-item elementor-animated-content\" href=\"https:\/\/groupe-hotelo.com\/wp-content\/uploads\/2021\/04\/IMG_9525-scaled.jpg\" data-elementor-open-lightbox=\"yes\" data-elementor-lightbox-slideshow=\"753bb74\" data-elementor-lightbox-title=\"IMG_9525\" data-e-action-hash=\"#elementor-action%3Aaction%3Dlightbox%26settings%3DeyJpZCI6MzQxMzIsInVybCI6Imh0dHBzOlwvXC9ncm91cGUtaG90ZWxvLmNvbVwvd3AtY29udGVudFwvdXBsb2Fkc1wvMjAyMVwvMDRcL0lNR185NTI1LXNjYWxlZC5qcGciLCJzbGlkZXNob3ciOiI3NTNiYjc0In0%3D\">\n\t\t\t\t\t<div class=\"e-gallery-image elementor-gallery-item__image\" data-thumbnail=\"https:\/\/groupe-hotelo.com\/wp-content\/uploads\/2021\/04\/IMG_9525-300x197.jpg\" data-width=\"300\" data-height=\"197\" aria-label=\"\" role=\"img\" ><\/div>\n\t\t\t\t\t\t\t\t\t\t\t<div class=\"elementor-gallery-item__overlay\"><\/div>\n\t\t\t\t\t\t\t\t\t\t\t\t\t\t<\/a>\n\t\t\t\t\t<\/div>\n\t\t\t\t\t<\/div>\n\t\t\t\t<\/div>\n\t\t\t\t\t<\/div>\n\t\t\t\t<\/div>\n\t\t<div class=\"elementor-element elementor-element-8ccdd3b e-flex e-con-boxed e-con e-parent\" data-id=\"8ccdd3b\" data-element_type=\"container\" data-e-type=\"container\">\n\t\t\t\t\t<div class=\"e-con-inner\">\n\t\t\t\t\t<\/div>\n\t\t\t\t<\/div>\n\t\t\t\t<\/div>","protected":false},"excerpt":{"rendered":"<p>PETIT DEJEUNER Le petit d\u00e9jeuner chez Hotelo : votre dose de bonne humeur d\u00e8s le r\u00e9veil ! Parce que chaque journ\u00e9e m\u00e9rite de commencer avec le sourire, nous vous invitons \u00e0 profiter de notre petit-d\u00e9jeuner tout en bonne humeur : Servi de 6h30 \u00e0 10h30 en semaine et jusqu&rsquo;\u00e0 11h les week-ends et jours f\u00e9ri\u00e9s. [&hellip;]<\/p>\n","protected":false},"author":5,"featured_media":0,"parent":0,"menu_order":0,"comment_status":"closed","ping_status":"closed","template":"","meta":{"_seopress_robots_primary_cat":"","_seopress_titles_title":"","_seopress_titles_desc":"PETIT DEJEUNER HOTELO MORNING Petit moment de douceur, le matin Hotelo est servi de 6h30 \u00e0 10h30 en semaine et de 6h30 \u00e0 11h00 les week-ends & jours f\u00e9ri\u00e9s.","_seopress_robots_index":"","_jf_save_progress":"","_jet_sm_ready_style":"","_jet_sm_style":"","_jet_sm_controls_values":"","_jet_sm_fonts_collection":"","_jet_sm_fonts_links":"","footnotes":""},"hotel":[18],"class_list":["post-17051","page","type-page","status-publish","hentry","hotel-hotelo-lyon-charite"],"_links":{"self":[{"href":"https:\/\/groupe-hotelo.com\/en\/wp-json\/wp\/v2\/pages\/17051","targetHints":{"allow":["GET"]}}],"collection":[{"href":"https:\/\/groupe-hotelo.com\/en\/wp-json\/wp\/v2\/pages"}],"about":[{"href":"https:\/\/groupe-hotelo.com\/en\/wp-json\/wp\/v2\/types\/page"}],"author":[{"embeddable":true,"href":"https:\/\/groupe-hotelo.com\/en\/wp-json\/wp\/v2\/users\/5"}],"replies":[{"embeddable":true,"href":"https:\/\/groupe-hotelo.com\/en\/wp-json\/wp\/v2\/comments?post=17051"}],"version-history":[{"count":11,"href":"https:\/\/groupe-hotelo.com\/en\/wp-json\/wp\/v2\/pages\/17051\/revisions"}],"predecessor-version":[{"id":1306250,"href":"https:\/\/groupe-hotelo.com\/en\/wp-json\/wp\/v2\/pages\/17051\/revisions\/1306250"}],"wp:attachment":[{"href":"https:\/\/groupe-hotelo.com\/en\/wp-json\/wp\/v2\/media?parent=17051"}],"wp:term":[{"taxonomy":"hotel","embeddable":true,"href":"https:\/\/groupe-hotelo.com\/en\/wp-json\/wp\/v2\/hotel?post=17051"}],"curies":[{"name":"wp","href":"https:\/\/api.w.org\/{rel}","templated":true}]}}